{"id":11449,"date":"2021-01-16T15:55:54","date_gmt":"2021-01-16T13:55:54","guid":{"rendered":"https:\/\/elaparemmin.fi\/blogi\/?page_id=11449"},"modified":"2025-12-05T10:08:51","modified_gmt":"2025-12-05T08:08:51","slug":"jevgeni","status":"publish","type":"page","link":"https:\/\/elaparemmin.fi\/blogi\/jevgeni\/","title":{"rendered":"Jevgeni Nietosniitty"},"content":{"rendered":"\t\t<div data-elementor-type=\"wp-page\" data-elementor-id=\"11449\" class=\"elementor elementor-11449\" data-elementor-post-type=\"page\">\n\t\t\t\t\t\t<section class=\"elementor-section elementor-top-section elementor-element elementor-element-236895d elementor-section-boxed elementor-section-height-default elementor-section-height-default\" data-id=\"236895d\" data-element_type=\"section\" data-e-type=\"section\">\n\t\t\t\t\t\t<div class=\"elementor-container elementor-column-gap-default\">\n\t\t\t\t\t<div class=\"elementor-column elementor-col-50 elementor-top-column elementor-element elementor-element-e78fed3\" data-id=\"e78fed3\" data-element_type=\"column\" data-e-type=\"column\">\n\t\t\t<div class=\"elementor-widget-wrap elementor-element-populated\">\n\t\t\t\t\t\t<div class=\"elementor-element elementor-element-5919c80 elementor-widget elementor-widget-heading\" data-id=\"5919c80\" data-element_type=\"widget\" data-e-type=\"widget\" data-widget_type=\"heading.default\">\n\t\t\t\t<div class=\"elementor-widget-container\">\n\t\t\t\t\t<h1 class=\"elementor-heading-title elementor-size-default\">Hei ja tervetuloa sivuilleni!<\/h1>\t\t\t\t<\/div>\n\t\t\t\t<\/div>\n\t\t\t\t<div class=\"elementor-element elementor-element-d2d4032 elementor-widget elementor-widget-text-editor\" data-id=\"d2d4032\" data-element_type=\"widget\" data-e-type=\"widget\" data-widget_type=\"text-editor.default\">\n\t\t\t\t<div class=\"elementor-widget-container\">\n\t\t\t\t\t\t\t\t\t<p>Hei, t\u00e4ss\u00e4 Jevgeni Nietosniitty, t\u00e4m\u00e4n blogin yll\u00e4pit\u00e4j\u00e4. Koulutukseltani olen psykologian maisteri. Ty\u00f6ss\u00e4ni olen erikoistunut itsetuntoon ja ahdistuneisuuteen liittyviin aiheisiin, mink\u00e4 lis\u00e4ksi toimin organisaatiopsykologina firmani <a href=\"https:\/\/mentisaurum.fi\/\">Mentis Aurumin<\/a> kautta.<\/p><p>T\u00e4m\u00e4 on esittelysivuni, jolta l\u00f6ytyv\u00e4t t\u00e4m\u00e4n hetkiset projektini, ty\u00f6ni sek\u00e4 koulutustaustani. Kiitos paljon, ett\u00e4 luet blogiani!<\/p>\t\t\t\t\t\t\t\t<\/div>\n\t\t\t\t<\/div>\n\t\t\t\t<div class=\"elementor-element elementor-element-1d750fc elementor-widget elementor-widget-text-editor\" data-id=\"1d750fc\" data-element_type=\"widget\" data-e-type=\"widget\" data-widget_type=\"text-editor.default\">\n\t\t\t\t<div class=\"elementor-widget-container\">\n\t\t\t\t\t\t\t\t\t<p>Mahdolliset haastattelupyynn\u00f6t ja muut yhteydenotot voi ohjata ty\u00f6postiini jevgeni@rohkeuskoulu.fi .<\/p>\t\t\t\t\t\t\t\t<\/div>\n\t\t\t\t<\/div>\n\t\t\t\t\t<\/div>\n\t\t<\/div>\n\t\t\t\t<div class=\"elementor-column elementor-col-50 elementor-top-column elementor-element elementor-element-c4d3d20\" data-id=\"c4d3d20\" data-element_type=\"column\" data-e-type=\"column\">\n\t\t\t<div class=\"elementor-widget-wrap elementor-element-populated\">\n\t\t\t\t\t\t<div class=\"elementor-element elementor-element-8a5394c elementor-widget elementor-widget-image\" data-id=\"8a5394c\" data-element_type=\"widget\" data-e-type=\"widget\" data-widget_type=\"image.default\">\n\t\t\t\t<div class=\"elementor-widget-container\">\n\t\t\t\t\t\t\t\t\t\t\t\t\t\t\t<img fetchpriority=\"high\" decoding=\"async\" width=\"768\" height=\"996\" src=\"https:\/\/elaparemmin.fi\/blogi\/wp-content\/uploads\/2024\/09\/nietosniitty-jevgeni-768x996.png\" class=\"attachment-medium_large size-medium_large wp-image-19272\" alt=\"nietosniitty jevgeni\" srcset=\"https:\/\/elaparemmin.fi\/blogi\/wp-content\/uploads\/2024\/09\/nietosniitty-jevgeni-768x996.png 768w, https:\/\/elaparemmin.fi\/blogi\/wp-content\/uploads\/2024\/09\/nietosniitty-jevgeni-231x300.png 231w, https:\/\/elaparemmin.fi\/blogi\/wp-content\/uploads\/2024\/09\/nietosniitty-jevgeni-630x817.png 630w, https:\/\/elaparemmin.fi\/blogi\/wp-content\/uploads\/2024\/09\/nietosniitty-jevgeni-1185x1536.png 1185w, https:\/\/elaparemmin.fi\/blogi\/wp-content\/uploads\/2024\/09\/nietosniitty-jevgeni-600x778.png 600w, https:\/\/elaparemmin.fi\/blogi\/wp-content\/uploads\/2024\/09\/nietosniitty-jevgeni.png 1200w\" sizes=\"(max-width: 768px) 100vw, 768px\" \/>\t\t\t\t\t\t\t\t\t\t\t\t\t\t\t<\/div>\n\t\t\t\t<\/div>\n\t\t\t\t\t<\/div>\n\t\t<\/div>\n\t\t\t\t\t<\/div>\n\t\t<\/section>\n\t\t\t\t<section class=\"elementor-section elementor-top-section elementor-element elementor-element-16e1f02 elementor-section-boxed elementor-section-height-default elementor-section-height-default\" data-id=\"16e1f02\" data-element_type=\"section\" data-e-type=\"section\">\n\t\t\t\t\t\t<div class=\"elementor-container elementor-column-gap-default\">\n\t\t\t\t\t<div class=\"elementor-column elementor-col-100 elementor-top-column elementor-element elementor-element-5d9048a\" data-id=\"5d9048a\" data-element_type=\"column\" data-e-type=\"column\">\n\t\t\t<div class=\"elementor-widget-wrap elementor-element-populated\">\n\t\t\t\t\t\t<div class=\"elementor-element elementor-element-39c0125 elementor-widget elementor-widget-heading\" data-id=\"39c0125\" data-element_type=\"widget\" data-e-type=\"widget\" data-widget_type=\"heading.default\">\n\t\t\t\t<div class=\"elementor-widget-container\">\n\t\t\t\t\t<h2 class=\"elementor-heading-title elementor-size-default\">N\u00e4it\u00e4 asioita teen:<\/h2>\t\t\t\t<\/div>\n\t\t\t\t<\/div>\n\t\t\t\t<div class=\"elementor-element elementor-element-d4e08dc elementor-widget elementor-widget-text-editor\" data-id=\"d4e08dc\" data-element_type=\"widget\" data-e-type=\"widget\" data-widget_type=\"text-editor.default\">\n\t\t\t\t<div class=\"elementor-widget-container\">\n\t\t\t\t\t\t\t\t\t<h4>Sosiaalisen itsevarmuuden koulutukset, luennot &amp; ty\u00f6pajat<\/h4><p>Teen itsevarmuuteen sek\u00e4 hankalien sosiaalisten tilanteiden kohtaamiseen keskittyv\u00e4\u00e4 koulutusta yritykseni\u00a0<a href=\"https:\/\/rohkeuskoulu.fi\/\">Rohkeuskoulun<\/a>\u00a0kautta.<\/p><h4>Kirjat &amp; verkkokurssit<\/h4><p>Olen julkaissut 4 s\u00e4hk\u00f6ist\u00e4 kirjaa sek\u00e4 yhden verkkokurssin. Kirjat l\u00f6ytyv\u00e4t <a href=\"https:\/\/elaparemmin.fi\/blogi\/verkkokauppa\/\">t\u00e4\u00e4lt\u00e4<\/a>\u00a0ja kurssi\u00a0<a href=\"https:\/\/elaparemmin.fi\/blogi\/kurssit\/\">t\u00e4\u00e4lt\u00e4<\/a>.<\/p><h4>Blogi &amp; videoblogi<\/h4><p>Olen pit\u00e4nyt blogia vuodesta 2011 ja videoblogia vuodesta 2016. Blogin koko sis\u00e4lt\u00f6 on listattuna\u00a0<a href=\"https:\/\/elaparemmin.fi\/blogi\/tekstit\/\">t\u00e4\u00e4ll\u00e4<\/a>\u00a0ja videoblogin\u00a0<a href=\"https:\/\/elaparemmin.fi\/blogi\/videoblogi\/\">t\u00e4\u00e4ll\u00e4<\/a>.<\/p><p><strong>Palvelut organisaatioille<\/strong><\/p><p>Inhimillinen tuottavuus ja tiimien kehitt\u00e4minen sek\u00e4 ty\u00f6hyvinvointiapalveluni l\u00f6ytyv\u00e4t yritykseni <a href=\"https:\/\/mentisaurum.fi\/\">Mentis Aurumin<\/a> sivuilta.<\/p>\t\t\t\t\t\t\t\t<\/div>\n\t\t\t\t<\/div>\n\t\t\t\t<div class=\"elementor-element elementor-element-3c6d290 elementor-widget-divider--view-line elementor-widget elementor-widget-divider\" data-id=\"3c6d290\" data-element_type=\"widget\" data-e-type=\"widget\" data-widget_type=\"divider.default\">\n\t\t\t\t<div class=\"elementor-widget-container\">\n\t\t\t\t\t\t\t<div class=\"elementor-divider\">\n\t\t\t<span class=\"elementor-divider-separator\">\n\t\t\t\t\t\t<\/span>\n\t\t<\/div>\n\t\t\t\t\t\t<\/div>\n\t\t\t\t<\/div>\n\t\t\t\t\t<\/div>\n\t\t<\/div>\n\t\t\t\t\t<\/div>\n\t\t<\/section>\n\t\t\t\t<section class=\"elementor-section elementor-top-section elementor-element elementor-element-8ebd476 elementor-section-boxed elementor-section-height-default elementor-section-height-default\" data-id=\"8ebd476\" data-element_type=\"section\" data-e-type=\"section\">\n\t\t\t\t\t\t<div class=\"elementor-container elementor-column-gap-default\">\n\t\t\t\t\t<div class=\"elementor-column elementor-col-100 elementor-top-column elementor-element elementor-element-331fb1d\" data-id=\"331fb1d\" data-element_type=\"column\" data-e-type=\"column\">\n\t\t\t<div class=\"elementor-widget-wrap elementor-element-populated\">\n\t\t\t\t\t\t<div class=\"elementor-element elementor-element-64a63fb elementor-widget elementor-widget-heading\" data-id=\"64a63fb\" data-element_type=\"widget\" data-e-type=\"widget\" data-widget_type=\"heading.default\">\n\t\t\t\t<div class=\"elementor-widget-container\">\n\t\t\t\t\t<h2 class=\"elementor-heading-title elementor-size-default\">Koulutukseni<\/h2>\t\t\t\t<\/div>\n\t\t\t\t<\/div>\n\t\t\t\t<div class=\"elementor-element elementor-element-28203cf elementor-widget elementor-widget-text-editor\" data-id=\"28203cf\" data-element_type=\"widget\" data-e-type=\"widget\" data-widget_type=\"text-editor.default\">\n\t\t\t\t<div class=\"elementor-widget-container\">\n\t\t\t\t\t\t\t\t\t<p>&#8211; <strong>Psykologian maisteri<\/strong> (<span style=\"font-family: Poppins, sans-serif; font-size: 18px; font-style: normal; font-variant-ligatures: normal; font-variant-caps: normal; font-weight: 400; color: var( --e-global-color-text );\">2025)<\/span><\/p>\n<p>\u2013\u00a0<strong>Psykologian kandidaatti<\/strong> (2022)<\/p>\n<p>\u2013 <strong>Liiketalouden &amp; yritt\u00e4jyyden tradenomitutkinto<\/strong> (2015)<\/p>\n<p>Minulta l\u00f6ytyv\u00e4t my\u00f6s <strong>henkil\u00f6arvioinnin sertifikaatit<\/strong> kognitiivisen kykytestin sek\u00e4 ty\u00f6persoonallisuustestin k\u00e4ytt\u00f6\u00f6n.<\/p>\t\t\t\t\t\t\t\t<\/div>\n\t\t\t\t<\/div>\n\t\t\t\t\t<\/div>\n\t\t<\/div>\n\t\t\t\t\t<\/div>\n\t\t<\/section>\n\t\t\t\t<\/div>\n\t\t","protected":false},"excerpt":{"rendered":"<p>Hei ja tervetuloa sivuilleni! Hei, t\u00e4ss\u00e4 Jevgeni Nietosniitty, t\u00e4m\u00e4n blogin yll\u00e4pit\u00e4j\u00e4. Koulutukseltani olen psykologian maisteri. Ty\u00f6ss\u00e4ni olen erikoistunut itsetuntoon ja ahdistuneisuuteen liittyviin aiheisiin, mink\u00e4 lis\u00e4ksi toimin organisaatiopsykologina firmani Mentis Aurumin kautta. T\u00e4m\u00e4 on esittelysivuni, jolta l\u00f6ytyv\u00e4t t\u00e4m\u00e4n hetkiset projektini, ty\u00f6ni sek\u00e4 koulutustaustani. Kiitos paljon, ett\u00e4 luet blogiani! Mahdolliset haastattelupyynn\u00f6t ja muut yhteydenotot voi ohjata ty\u00f6postiini [&hellip;]<\/p>\n","protected":false},"author":1,"featured_media":0,"parent":0,"menu_order":0,"comment_status":"closed","ping_status":"closed","template":"","meta":{"footnotes":""},"class_list":["post-11449","page","type-page","status-publish","hentry","entry"],"yoast_head":"<!-- This site is optimized with the Yoast SEO plugin v27.5 - https:\/\/yoast.com\/product\/yoast-seo-wordpress\/ -->\n<title>Jevgeni Nietosniitty - Yll\u00e4pit\u00e4j\u00e4n esittely: projektit, koulutus<\/title>\n<meta name=\"description\" content=\"Hei, t\u00e4ss\u00e4 Jevgeni Nietosniitty, t\u00e4m\u00e4n blogin yll\u00e4pit\u00e4j\u00e4. T\u00e4m\u00e4 on esittelyni, josta l\u00f6ytyy t\u00e4m\u00e4n hetkiset projektini, ty\u00f6ni sek\u00e4 koulutus.\" \/>\n<meta name=\"robots\" content=\"index, follow, max-snippet:-1, max-image-preview:large, max-video-preview:-1\" \/>\n<link rel=\"canonical\" href=\"https:\/\/elaparemmin.fi\/blogi\/jevgeni\/\" \/>\n<meta property=\"og:locale\" content=\"fi_FI\" \/>\n<meta property=\"og:type\" content=\"article\" \/>\n<meta property=\"og:title\" content=\"Jevgeni Nietosniitty - Yll\u00e4pit\u00e4j\u00e4n esittely: projektit, koulutus\" \/>\n<meta property=\"og:description\" content=\"Hei, t\u00e4ss\u00e4 Jevgeni Nietosniitty, t\u00e4m\u00e4n blogin yll\u00e4pit\u00e4j\u00e4. T\u00e4m\u00e4 on esittelyni, josta l\u00f6ytyy t\u00e4m\u00e4n hetkiset projektini, ty\u00f6ni sek\u00e4 koulutus.\" \/>\n<meta property=\"og:url\" content=\"https:\/\/elaparemmin.fi\/blogi\/jevgeni\/\" \/>\n<meta property=\"og:site_name\" content=\"El&auml; Paremmin\" \/>\n<meta property=\"article:modified_time\" content=\"2025-12-05T08:08:51+00:00\" \/>\n<meta property=\"og:image\" content=\"https:\/\/elaparemmin.fi\/blogi\/wp-content\/uploads\/2024\/09\/nietosniitty-jevgeni.png\" \/>\n\t<meta property=\"og:image:width\" content=\"1200\" \/>\n\t<meta property=\"og:image:height\" content=\"1556\" \/>\n\t<meta property=\"og:image:type\" content=\"image\/png\" \/>\n<meta name=\"twitter:card\" content=\"summary_large_image\" \/>\n<meta name=\"twitter:label1\" content=\"Arvioitu lukuaika\" \/>\n\t<meta name=\"twitter:data1\" content=\"2 minuuttia\" \/>\n<script type=\"application\/ld+json\" class=\"yoast-schema-graph\">{\"@context\":\"https:\\\/\\\/schema.org\",\"@graph\":[{\"@type\":\"WebPage\",\"@id\":\"https:\\\/\\\/elaparemmin.fi\\\/blogi\\\/jevgeni\\\/\",\"url\":\"https:\\\/\\\/elaparemmin.fi\\\/blogi\\\/jevgeni\\\/\",\"name\":\"Jevgeni Nietosniitty - Yll\u00e4pit\u00e4j\u00e4n esittely: projektit, koulutus\",\"isPartOf\":{\"@id\":\"https:\\\/\\\/elaparemmin.fi\\\/blogi\\\/#website\"},\"primaryImageOfPage\":{\"@id\":\"https:\\\/\\\/elaparemmin.fi\\\/blogi\\\/jevgeni\\\/#primaryimage\"},\"image\":{\"@id\":\"https:\\\/\\\/elaparemmin.fi\\\/blogi\\\/jevgeni\\\/#primaryimage\"},\"thumbnailUrl\":\"https:\\\/\\\/elaparemmin.fi\\\/blogi\\\/wp-content\\\/uploads\\\/2024\\\/09\\\/nietosniitty-jevgeni-768x996.png\",\"datePublished\":\"2021-01-16T13:55:54+00:00\",\"dateModified\":\"2025-12-05T08:08:51+00:00\",\"description\":\"Hei, t\u00e4ss\u00e4 Jevgeni Nietosniitty, t\u00e4m\u00e4n blogin yll\u00e4pit\u00e4j\u00e4. T\u00e4m\u00e4 on esittelyni, josta l\u00f6ytyy t\u00e4m\u00e4n hetkiset projektini, ty\u00f6ni sek\u00e4 koulutus.\",\"breadcrumb\":{\"@id\":\"https:\\\/\\\/elaparemmin.fi\\\/blogi\\\/jevgeni\\\/#breadcrumb\"},\"inLanguage\":\"fi\",\"potentialAction\":[{\"@type\":\"ReadAction\",\"target\":[\"https:\\\/\\\/elaparemmin.fi\\\/blogi\\\/jevgeni\\\/\"]}]},{\"@type\":\"ImageObject\",\"inLanguage\":\"fi\",\"@id\":\"https:\\\/\\\/elaparemmin.fi\\\/blogi\\\/jevgeni\\\/#primaryimage\",\"url\":\"https:\\\/\\\/elaparemmin.fi\\\/blogi\\\/wp-content\\\/uploads\\\/2024\\\/09\\\/nietosniitty-jevgeni.png\",\"contentUrl\":\"https:\\\/\\\/elaparemmin.fi\\\/blogi\\\/wp-content\\\/uploads\\\/2024\\\/09\\\/nietosniitty-jevgeni.png\",\"width\":1200,\"height\":1556,\"caption\":\"nietosniitty jevgeni\"},{\"@type\":\"BreadcrumbList\",\"@id\":\"https:\\\/\\\/elaparemmin.fi\\\/blogi\\\/jevgeni\\\/#breadcrumb\",\"itemListElement\":[{\"@type\":\"ListItem\",\"position\":1,\"name\":\"Etusivu\",\"item\":\"https:\\\/\\\/elaparemmin.fi\\\/blogi\\\/\"},{\"@type\":\"ListItem\",\"position\":2,\"name\":\"Jevgeni Nietosniitty\"}]},{\"@type\":\"WebSite\",\"@id\":\"https:\\\/\\\/elaparemmin.fi\\\/blogi\\\/#website\",\"url\":\"https:\\\/\\\/elaparemmin.fi\\\/blogi\\\/\",\"name\":\"El&auml; Paremmin\",\"description\":\"Onnistu el&auml;m&auml;nmuutoksessa\",\"publisher\":{\"@id\":\"https:\\\/\\\/elaparemmin.fi\\\/blogi\\\/#\\\/schema\\\/person\\\/740330bab30ecd0420cb0bffcf04b492\"},\"potentialAction\":[{\"@type\":\"SearchAction\",\"target\":{\"@type\":\"EntryPoint\",\"urlTemplate\":\"https:\\\/\\\/elaparemmin.fi\\\/blogi\\\/?s={search_term_string}\"},\"query-input\":{\"@type\":\"PropertyValueSpecification\",\"valueRequired\":true,\"valueName\":\"search_term_string\"}}],\"inLanguage\":\"fi\"},{\"@type\":[\"Person\",\"Organization\"],\"@id\":\"https:\\\/\\\/elaparemmin.fi\\\/blogi\\\/#\\\/schema\\\/person\\\/740330bab30ecd0420cb0bffcf04b492\",\"name\":\"Jevgeni\",\"image\":{\"@type\":\"ImageObject\",\"inLanguage\":\"fi\",\"@id\":\"https:\\\/\\\/elaparemmin.fi\\\/blogi\\\/wp-content\\\/uploads\\\/2022\\\/09\\\/SininenAvatarSivuille500.jpg\",\"url\":\"https:\\\/\\\/elaparemmin.fi\\\/blogi\\\/wp-content\\\/uploads\\\/2022\\\/09\\\/SininenAvatarSivuille500.jpg\",\"contentUrl\":\"https:\\\/\\\/elaparemmin.fi\\\/blogi\\\/wp-content\\\/uploads\\\/2022\\\/09\\\/SininenAvatarSivuille500.jpg\",\"width\":500,\"height\":500,\"caption\":\"Jevgeni\"},\"logo\":{\"@id\":\"https:\\\/\\\/elaparemmin.fi\\\/blogi\\\/wp-content\\\/uploads\\\/2022\\\/09\\\/SininenAvatarSivuille500.jpg\"},\"sameAs\":[\"https:\\\/\\\/elaparemmin.fi\",\"Jevgeni S\u00e4rki\"]}]}<\/script>\n<!-- \/ Yoast SEO plugin. -->","yoast_head_json":{"title":"Jevgeni Nietosniitty - Yll\u00e4pit\u00e4j\u00e4n esittely: projektit, koulutus","description":"Hei, t\u00e4ss\u00e4 Jevgeni Nietosniitty, t\u00e4m\u00e4n blogin yll\u00e4pit\u00e4j\u00e4. T\u00e4m\u00e4 on esittelyni, josta l\u00f6ytyy t\u00e4m\u00e4n hetkiset projektini, ty\u00f6ni sek\u00e4 koulutus.","robots":{"index":"index","follow":"follow","max-snippet":"max-snippet:-1","max-image-preview":"max-image-preview:large","max-video-preview":"max-video-preview:-1"},"canonical":"https:\/\/elaparemmin.fi\/blogi\/jevgeni\/","og_locale":"fi_FI","og_type":"article","og_title":"Jevgeni Nietosniitty - Yll\u00e4pit\u00e4j\u00e4n esittely: projektit, koulutus","og_description":"Hei, t\u00e4ss\u00e4 Jevgeni Nietosniitty, t\u00e4m\u00e4n blogin yll\u00e4pit\u00e4j\u00e4. T\u00e4m\u00e4 on esittelyni, josta l\u00f6ytyy t\u00e4m\u00e4n hetkiset projektini, ty\u00f6ni sek\u00e4 koulutus.","og_url":"https:\/\/elaparemmin.fi\/blogi\/jevgeni\/","og_site_name":"El&auml; Paremmin","article_modified_time":"2025-12-05T08:08:51+00:00","og_image":[{"width":1200,"height":1556,"url":"https:\/\/elaparemmin.fi\/blogi\/wp-content\/uploads\/2024\/09\/nietosniitty-jevgeni.png","type":"image\/png"}],"twitter_card":"summary_large_image","twitter_misc":{"Arvioitu lukuaika":"2 minuuttia"},"schema":{"@context":"https:\/\/schema.org","@graph":[{"@type":"WebPage","@id":"https:\/\/elaparemmin.fi\/blogi\/jevgeni\/","url":"https:\/\/elaparemmin.fi\/blogi\/jevgeni\/","name":"Jevgeni Nietosniitty - Yll\u00e4pit\u00e4j\u00e4n esittely: projektit, koulutus","isPartOf":{"@id":"https:\/\/elaparemmin.fi\/blogi\/#website"},"primaryImageOfPage":{"@id":"https:\/\/elaparemmin.fi\/blogi\/jevgeni\/#primaryimage"},"image":{"@id":"https:\/\/elaparemmin.fi\/blogi\/jevgeni\/#primaryimage"},"thumbnailUrl":"https:\/\/elaparemmin.fi\/blogi\/wp-content\/uploads\/2024\/09\/nietosniitty-jevgeni-768x996.png","datePublished":"2021-01-16T13:55:54+00:00","dateModified":"2025-12-05T08:08:51+00:00","description":"Hei, t\u00e4ss\u00e4 Jevgeni Nietosniitty, t\u00e4m\u00e4n blogin yll\u00e4pit\u00e4j\u00e4. T\u00e4m\u00e4 on esittelyni, josta l\u00f6ytyy t\u00e4m\u00e4n hetkiset projektini, ty\u00f6ni sek\u00e4 koulutus.","breadcrumb":{"@id":"https:\/\/elaparemmin.fi\/blogi\/jevgeni\/#breadcrumb"},"inLanguage":"fi","potentialAction":[{"@type":"ReadAction","target":["https:\/\/elaparemmin.fi\/blogi\/jevgeni\/"]}]},{"@type":"ImageObject","inLanguage":"fi","@id":"https:\/\/elaparemmin.fi\/blogi\/jevgeni\/#primaryimage","url":"https:\/\/elaparemmin.fi\/blogi\/wp-content\/uploads\/2024\/09\/nietosniitty-jevgeni.png","contentUrl":"https:\/\/elaparemmin.fi\/blogi\/wp-content\/uploads\/2024\/09\/nietosniitty-jevgeni.png","width":1200,"height":1556,"caption":"nietosniitty jevgeni"},{"@type":"BreadcrumbList","@id":"https:\/\/elaparemmin.fi\/blogi\/jevgeni\/#breadcrumb","itemListElement":[{"@type":"ListItem","position":1,"name":"Etusivu","item":"https:\/\/elaparemmin.fi\/blogi\/"},{"@type":"ListItem","position":2,"name":"Jevgeni Nietosniitty"}]},{"@type":"WebSite","@id":"https:\/\/elaparemmin.fi\/blogi\/#website","url":"https:\/\/elaparemmin.fi\/blogi\/","name":"El&auml; Paremmin","description":"Onnistu el&auml;m&auml;nmuutoksessa","publisher":{"@id":"https:\/\/elaparemmin.fi\/blogi\/#\/schema\/person\/740330bab30ecd0420cb0bffcf04b492"},"potentialAction":[{"@type":"SearchAction","target":{"@type":"EntryPoint","urlTemplate":"https:\/\/elaparemmin.fi\/blogi\/?s={search_term_string}"},"query-input":{"@type":"PropertyValueSpecification","valueRequired":true,"valueName":"search_term_string"}}],"inLanguage":"fi"},{"@type":["Person","Organization"],"@id":"https:\/\/elaparemmin.fi\/blogi\/#\/schema\/person\/740330bab30ecd0420cb0bffcf04b492","name":"Jevgeni","image":{"@type":"ImageObject","inLanguage":"fi","@id":"https:\/\/elaparemmin.fi\/blogi\/wp-content\/uploads\/2022\/09\/SininenAvatarSivuille500.jpg","url":"https:\/\/elaparemmin.fi\/blogi\/wp-content\/uploads\/2022\/09\/SininenAvatarSivuille500.jpg","contentUrl":"https:\/\/elaparemmin.fi\/blogi\/wp-content\/uploads\/2022\/09\/SininenAvatarSivuille500.jpg","width":500,"height":500,"caption":"Jevgeni"},"logo":{"@id":"https:\/\/elaparemmin.fi\/blogi\/wp-content\/uploads\/2022\/09\/SininenAvatarSivuille500.jpg"},"sameAs":["https:\/\/elaparemmin.fi","Jevgeni S\u00e4rki"]}]}},"jetpack_shortlink":"https:\/\/wp.me\/P32Q5h-2YF","jetpack_sharing_enabled":true,"_links":{"self":[{"href":"https:\/\/elaparemmin.fi\/blogi\/wp-json\/wp\/v2\/pages\/11449","targetHints":{"allow":["GET"]}}],"collection":[{"href":"https:\/\/elaparemmin.fi\/blogi\/wp-json\/wp\/v2\/pages"}],"about":[{"href":"https:\/\/elaparemmin.fi\/blogi\/wp-json\/wp\/v2\/types\/page"}],"author":[{"embeddable":true,"href":"https:\/\/elaparemmin.fi\/blogi\/wp-json\/wp\/v2\/users\/1"}],"replies":[{"embeddable":true,"href":"https:\/\/elaparemmin.fi\/blogi\/wp-json\/wp\/v2\/comments?post=11449"}],"version-history":[{"count":151,"href":"https:\/\/elaparemmin.fi\/blogi\/wp-json\/wp\/v2\/pages\/11449\/revisions"}],"predecessor-version":[{"id":21640,"href":"https:\/\/elaparemmin.fi\/blogi\/wp-json\/wp\/v2\/pages\/11449\/revisions\/21640"}],"wp:attachment":[{"href":"https:\/\/elaparemmin.fi\/blogi\/wp-json\/wp\/v2\/media?parent=11449"}],"curies":[{"name":"wp","href":"https:\/\/api.w.org\/{rel}","templated":true}]}}